{"id":295,"date":"2022-07-10T21:22:56","date_gmt":"2022-07-11T02:22:56","guid":{"rendered":"https:\/\/alegriadelsaber.edu.co\/?page_id=295"},"modified":"2023-11-26T23:09:21","modified_gmt":"2023-11-27T04:09:21","slug":"valores-institucionales","status":"publish","type":"page","link":"https:\/\/alegriadelsaber.edu.co\/index.php\/valores-institucionales\/","title":{"rendered":"Valores Institucionales"},"content":{"rendered":"\n<figure class=\"wp-block-image aligncenter size-full\"><img fetchpriority=\"high\" width=\"960\" height=\"540\" src=\"https:\/\/alegriadelsaber.edu.co\/wp-content\/uploads\/2022\/07\/31093491_1109401089201903_4351002415755952128_n-1.jpg\" alt=\"\" class=\"wp-image-302\" srcset=\"https:\/\/alegriadelsaber.edu.co\/wp-content\/uploads\/2022\/07\/31093491_1109401089201903_4351002415755952128_n-1.jpg 960w, https:\/\/alegriadelsaber.edu.co\/wp-content\/uploads\/2022\/07\/31093491_1109401089201903_4351002415755952128_n-1-300x169.jpg 300w, https:\/\/alegriadelsaber.edu.co\/wp-content\/uploads\/2022\/07\/31093491_1109401089201903_4351002415755952128_n-1-150x84.jpg 150w, https:\/\/alegriadelsaber.edu.co\/wp-content\/uploads\/2022\/07\/31093491_1109401089201903_4351002415755952128_n-1-768x432.jpg 768w\" sizes=\"(max-width: 960px) 100vw, 960px\" \/><\/figure>\n\n\n\n<h2 class=\"has-text-align-center has-text-color\" style=\"color:#007a00\"><strong>Responsabilidad<\/strong><\/h2>\n\n\n\n<p class=\"has-medium-font-size\">Tener siempre presente que por todas y cada una de nuestras acciones en cumplimiento de la misi\u00f3n institucional estaremos dispuestos a dar respuesta oportuna y cierta.<\/p>\n\n\n\n<h2 class=\"has-text-align-center has-text-color\" style=\"color:#007a00\"><strong>Honestidad<\/strong><\/h2>\n\n\n\n<p class=\"has-medium-font-size\">Es la capacidad de ser confiable a los dem\u00e1s, tener en cuenta los derechos de los otros y sustentar principios claros y coherentes con los individuos.<\/p>\n\n\n\n<h2 class=\"has-text-align-center has-text-color\" style=\"color:#007a00\"><strong>Amor<\/strong><\/h2>\n\n\n\n<p class=\"has-black-color has-text-color has-medium-font-size\">No es una meta sino un camino que se construye a diario con peque\u00f1as acciones que beneficien a cada ser humano y al conjunto de la sociedad y a la naturaleza.&nbsp;<\/p>\n\n\n\n<h2 class=\"has-text-align-center has-text-color\" style=\"color:#007a00\"><strong>Respeto<\/strong><\/h2>\n\n\n\n<p class=\"has-medium-font-size\">Implica el compromiso y consideraci\u00f3n de la dignidad humana y de todas las formas de vida.&nbsp; Estimula el cuidado de las relaciones, marca los l\u00edmites, el reconociendo de la diversidad y pluralidad, y permite la coexistencia pac\u00edfica entre diversas actitudes e interpretaciones culturales e ideol\u00f3gicas.<\/p>\n\n\n\n<h2 class=\"has-text-align-center has-text-color\" style=\"color:#007a00;text-transform:capitalize\"><strong>Igualdad<\/strong><\/h2>\n\n\n\n<p class=\"has-medium-font-size\">Cuando se muestra el mismo compromiso de oportunidades en las diferentes actividades que programe la instituci\u00f3n.<\/p>\n","protected":false},"excerpt":{"rendered":"<p>Responsabilidad Tener siempre presente que por todas y cada una de nuestras acciones en cumplimiento de la misi\u00f3n institucional estaremos<\/p>\n","protected":false},"author":1,"featured_media":0,"parent":0,"menu_order":0,"comment_status":"closed","ping_status":"closed","template":"","meta":[],"_links":{"self":[{"href":"https:\/\/alegriadelsaber.edu.co\/index.php\/wp-json\/wp\/v2\/pages\/295"}],"collection":[{"href":"https:\/\/alegriadelsaber.edu.co\/index.php\/wp-json\/wp\/v2\/pages"}],"about":[{"href":"https:\/\/alegriadelsaber.edu.co\/index.php\/wp-json\/wp\/v2\/types\/page"}],"author":[{"embeddable":true,"href":"https:\/\/alegriadelsaber.edu.co\/index.php\/wp-json\/wp\/v2\/users\/1"}],"replies":[{"embeddable":true,"href":"https:\/\/alegriadelsaber.edu.co\/index.php\/wp-json\/wp\/v2\/comments?post=295"}],"version-history":[{"count":3,"href":"https:\/\/alegriadelsaber.edu.co\/index.php\/wp-json\/wp\/v2\/pages\/295\/revisions"}],"predecessor-version":[{"id":1051,"href":"https:\/\/alegriadelsaber.edu.co\/index.php\/wp-json\/wp\/v2\/pages\/295\/revisions\/1051"}],"wp:attachment":[{"href":"https:\/\/alegriadelsaber.edu.co\/index.php\/wp-json\/wp\/v2\/media?parent=295"}],"curies":[{"name":"wp","href":"https:\/\/api.w.org\/{rel}","templated":true}]}}