{"id":362,"date":"2022-07-12T21:00:31","date_gmt":"2022-07-13T02:00:31","guid":{"rendered":"https:\/\/alegriadelsaber.edu.co\/?page_id=362"},"modified":"2023-11-26T22:59:34","modified_gmt":"2023-11-27T03:59:34","slug":"mision-y-vision","status":"publish","type":"page","link":"https:\/\/alegriadelsaber.edu.co\/index.php\/mision-y-vision\/","title":{"rendered":"Misi\u00f3n y Visi\u00f3n"},"content":{"rendered":"\t\t<div data-elementor-type=\"wp-page\" data-elementor-id=\"362\" class=\"elementor elementor-362\">\n\t\t\t\t\t\t<section class=\"elementor-section elementor-top-section elementor-element elementor-element-d68c1cd elementor-section-boxed elementor-section-height-default elementor-section-height-default\" data-id=\"d68c1cd\" data-element_type=\"section\">\n\t\t\t\t\t\t<div class=\"elementor-container elementor-column-gap-default\">\n\t\t\t\t\t<div class=\"elementor-column elementor-col-100 elementor-top-column elementor-element elementor-element-0b48474\" data-id=\"0b48474\" data-element_type=\"column\">\n\t\t\t<div class=\"elementor-widget-wrap elementor-element-populated\">\n\t\t\t\t\t\t<div class=\"elementor-element elementor-element-9cf43f0 elementor-widget elementor-widget-heading\" data-id=\"9cf43f0\" data-element_type=\"widget\" data-widget_type=\"heading.default\">\n\t\t\t\t<div class=\"elementor-widget-container\">\n\t\t\t<h1 class=\"elementor-heading-title elementor-size-large\">Misi\u00f3n <\/h1>\t\t<\/div>\n\t\t\t\t<\/div>\n\t\t\t\t\t<\/div>\n\t\t<\/div>\n\t\t\t\t\t<\/div>\n\t\t<\/section>\n\t\t\t\t<section class=\"elementor-section elementor-top-section elementor-element elementor-element-46e3fae elementor-section-boxed elementor-section-height-default elementor-section-height-default\" data-id=\"46e3fae\" data-element_type=\"section\">\n\t\t\t\t\t\t<div class=\"elementor-container elementor-column-gap-default\">\n\t\t\t\t\t<div class=\"elementor-column elementor-col-100 elementor-top-column elementor-element elementor-element-657950b\" data-id=\"657950b\" data-element_type=\"column\">\n\t\t\t<div class=\"elementor-widget-wrap elementor-element-populated\">\n\t\t\t\t\t\t<div class=\"elementor-element elementor-element-70ba4ef elementor-widget elementor-widget-text-editor\" data-id=\"70ba4ef\" data-element_type=\"widget\" data-widget_type=\"text-editor.default\">\n\t\t\t\t<div class=\"elementor-widget-container\">\n\t\t\t\t\t\t\t<p style=\"margin: 0cm 0cm 18pt; text-align: justify; background-image: initial; background-position: initial; background-size: initial; background-repeat: initial; background-attachment: initial; background-origin: initial; background-clip: initial;\"><span style=\"font-family: 'Arial',sans-serif; color: black; mso-themecolor: text1;\">El Colegio Alegr\u00eda del Saber es una instituci\u00f3n de educaci\u00f3n presente en el municipio de Santander de Quilichao \u2013 Cauca, que tiene como prop\u00f3sito formar estudiantes con conocimiento, valores vitales, intelectuales, \u00e9ticos, sociales, pol\u00edticos, tecnol\u00f3gicos como fundamento de la vida del individuo, proporcion\u00e1ndole oportunidad de realizaci\u00f3n que lo lleven a la adquisici\u00f3n de una cultura universal rica en valores e inspirada con un enfoque human\u00edstico.<\/span><\/p>\t\t\t\t\t\t<\/div>\n\t\t\t\t<\/div>\n\t\t\t\t\t<\/div>\n\t\t<\/div>\n\t\t\t\t\t<\/div>\n\t\t<\/section>\n\t\t\t\t<section class=\"elementor-section elementor-top-section elementor-element elementor-element-27903b9 elementor-section-boxed elementor-section-height-default elementor-section-height-default\" data-id=\"27903b9\" data-element_type=\"section\">\n\t\t\t\t\t\t<div class=\"elementor-container elementor-column-gap-default\">\n\t\t\t\t\t<div class=\"elementor-column elementor-col-100 elementor-top-column elementor-element elementor-element-ba17fe5\" data-id=\"ba17fe5\" data-element_type=\"column\">\n\t\t\t<div class=\"elementor-widget-wrap elementor-element-populated\">\n\t\t\t\t\t\t<div class=\"elementor-element elementor-element-f206732 elementor-widget elementor-widget-heading\" data-id=\"f206732\" data-element_type=\"widget\" data-widget_type=\"heading.default\">\n\t\t\t\t<div class=\"elementor-widget-container\">\n\t\t\t<h2 class=\"elementor-heading-title elementor-size-default\">Visi\u00f3n<\/h2>\t\t<\/div>\n\t\t\t\t<\/div>\n\t\t\t\t\t<\/div>\n\t\t<\/div>\n\t\t\t\t\t<\/div>\n\t\t<\/section>\n\t\t\t\t<section class=\"elementor-section elementor-top-section elementor-element elementor-element-72ea034 elementor-section-boxed elementor-section-height-default elementor-section-height-default\" data-id=\"72ea034\" data-element_type=\"section\">\n\t\t\t\t\t\t<div class=\"elementor-container elementor-column-gap-default\">\n\t\t\t\t\t<div class=\"elementor-column elementor-col-100 elementor-top-column elementor-element elementor-element-ccd7373\" data-id=\"ccd7373\" data-element_type=\"column\">\n\t\t\t<div class=\"elementor-widget-wrap elementor-element-populated\">\n\t\t\t\t\t\t<div class=\"elementor-element elementor-element-1ad5831 elementor-widget elementor-widget-text-editor\" data-id=\"1ad5831\" data-element_type=\"widget\" data-widget_type=\"text-editor.default\">\n\t\t\t\t<div class=\"elementor-widget-container\">\n\t\t\t\t\t\t\t<p style=\"margin: 0cm 0cm 18pt; text-align: justify; background-image: initial; background-position: initial; background-size: initial; background-repeat: initial; background-attachment: initial; background-origin: initial; background-clip: initial;\"><span style=\"font-family: 'Arial',sans-serif; color: black; mso-themecolor: text1;\">Ser una Instituci\u00f3n que fomenta el desarrollo de la creatividad art\u00edstica cultural, el an\u00e1lisis y la capacidad cr\u00edtica, cultiva la autoestima con buenos h\u00e1bitos y grandes valores morales y \u00e9ticos con criterios de excelencia que se reflejan en el desempe\u00f1o de sus egresados. Es referente por su capacidad creativa y aporte ejemplar a un mundo m\u00e1s incluyente.<\/span><\/p><p style=\"margin: 0cm 0cm 18pt; text-align: justify; background-image: initial; background-position: initial; background-size: initial; background-repeat: initial; background-attachment: initial; background-origin: initial; background-clip: initial;\"><span style=\"color: black; font-family: Arial, sans-serif; font-size: 14px;\">Su compromiso con el municipio y la regi\u00f3n la hace ser la primera opci\u00f3n para formar personas \u00edntegras, aut\u00f3nomas, comprometidas y competentes, que forjen solidariamente el respeto por la vida y honra de todos los seres humanos.<\/span><\/p>\t\t\t\t\t\t<\/div>\n\t\t\t\t<\/div>\n\t\t\t\t\t<\/div>\n\t\t<\/div>\n\t\t\t\t\t<\/div>\n\t\t<\/section>\n\t\t\t\t<\/div>\n\t\t","protected":false},"excerpt":{"rendered":"<p>Misi\u00f3n El Colegio Alegr\u00eda del Saber es una instituci\u00f3n de educaci\u00f3n presente en el municipio de Santander de Quilichao \u2013<\/p>\n","protected":false},"author":1,"featured_media":0,"parent":0,"menu_order":0,"comment_status":"closed","ping_status":"closed","template":"","meta":[],"_links":{"self":[{"href":"https:\/\/alegriadelsaber.edu.co\/index.php\/wp-json\/wp\/v2\/pages\/362"}],"collection":[{"href":"https:\/\/alegriadelsaber.edu.co\/index.php\/wp-json\/wp\/v2\/pages"}],"about":[{"href":"https:\/\/alegriadelsaber.edu.co\/index.php\/wp-json\/wp\/v2\/types\/page"}],"author":[{"embeddable":true,"href":"https:\/\/alegriadelsaber.edu.co\/index.php\/wp-json\/wp\/v2\/users\/1"}],"replies":[{"embeddable":true,"href":"https:\/\/alegriadelsaber.edu.co\/index.php\/wp-json\/wp\/v2\/comments?post=362"}],"version-history":[{"count":25,"href":"https:\/\/alegriadelsaber.edu.co\/index.php\/wp-json\/wp\/v2\/pages\/362\/revisions"}],"predecessor-version":[{"id":1046,"href":"https:\/\/alegriadelsaber.edu.co\/index.php\/wp-json\/wp\/v2\/pages\/362\/revisions\/1046"}],"wp:attachment":[{"href":"https:\/\/alegriadelsaber.edu.co\/index.php\/wp-json\/wp\/v2\/media?parent=362"}],"curies":[{"name":"wp","href":"https:\/\/api.w.org\/{rel}","templated":true}]}}