{"id":853,"date":"2019-12-17T10:20:30","date_gmt":"2019-12-17T10:20:30","guid":{"rendered":"http:\/\/philosopical-falcon.w5.wpsandbox.pro\/?page_id=6"},"modified":"2024-02-28T23:03:31","modified_gmt":"2024-02-29T04:03:31","slug":"home","status":"publish","type":"page","link":"https:\/\/alegriadelsaber.edu.co\/","title":{"rendered":"Home"},"content":{"rendered":"\t\t<div data-elementor-type=\"wp-page\" data-elementor-id=\"853\" class=\"elementor elementor-853\">\n\t\t\t\t\t\t<section class=\"elementor-section elementor-top-section elementor-element elementor-element-78e815e elementor-section-stretched elementor-section-boxed elementor-section-height-default elementor-section-height-default\" data-id=\"78e815e\" data-element_type=\"section\" data-settings=\"{&quot;background_background&quot;:&quot;classic&quot;,&quot;stretch_section&quot;:&quot;section-stretched&quot;}\">\n\t\t\t\t\t\t<div class=\"elementor-container elementor-column-gap-default\">\n\t\t\t\t\t<div class=\"elementor-column elementor-col-100 elementor-top-column elementor-element elementor-element-8f9fb4b\" data-id=\"8f9fb4b\" data-element_type=\"column\">\n\t\t\t<div class=\"elementor-widget-wrap elementor-element-populated\">\n\t\t\t\t\t\t<div class=\"elementor-element elementor-element-2cd678d elementor-widget elementor-widget-ColorMag-Posts-Grid-2\" data-id=\"2cd678d\" data-element_type=\"widget\" data-widget_type=\"ColorMag-Posts-Grid-2.default\">\n\t\t\t\t<div class=\"elementor-widget-container\">\n\t\t\t\n        <div class=\"tg-module-grid tg-module-grid--style-2 tg-module-wrapper\">\n            \n            <div class=\"tg-row thinner\">\n                            <\/div>\n        <\/div>\n\n        \t\t<\/div>\n\t\t\t\t<\/div>\n\t\t\t\t<div class=\"elementor-element elementor-element-8ecd52e elementor-widget elementor-widget-ColorMag-Posts-Grid-4\" data-id=\"8ecd52e\" data-element_type=\"widget\" data-widget_type=\"ColorMag-Posts-Grid-4.default\">\n\t\t\t\t<div class=\"elementor-widget-container\">\n\t\t\t\n        <div class=\"tg-module-grid tg-module-grid--style-4 tg-module-wrapper\">\n            \n            <div class=\"tg-row thinner\">\n                \n                    <div class=\"tg-col-control\">\n                        <div class=\"tg_module_grid tg_module_grid--medium\">\n                                                            <figure class=\"tg-module-thumb\">\n                                    \t\t<a href=\"https:\/\/alegriadelsaber.edu.co\/index.php\/2024\/11\/04\/celebremos-26-anos-de-innovacion-y-aprendizaje-en-el-colegio-alegria-del-saber\/\" class=\"tg-thumb-link\">\n\t\t\t<img loading=\"lazy\" width=\"392\" height=\"272\" src=\"https:\/\/alegriadelsaber.edu.co\/wp-content\/uploads\/2024\/11\/IMG_20241103_013001_948-392x272.webp\" class=\"attachment-colormag-highlighted-post size-colormag-highlighted-post wp-post-image\" alt=\"\" loading=\"lazy\" srcset=\"https:\/\/alegriadelsaber.edu.co\/wp-content\/uploads\/2024\/11\/IMG_20241103_013001_948-392x272.webp 392w, https:\/\/alegriadelsaber.edu.co\/wp-content\/uploads\/2024\/11\/IMG_20241103_013001_948-130x90.webp 130w, https:\/\/alegriadelsaber.edu.co\/wp-content\/uploads\/2024\/11\/IMG_20241103_013001_948-600x417.webp 600w\" sizes=\"(max-width: 392px) 100vw, 392px\" \/>\t\t<\/a>\n\t\t                                <\/figure>\n                            \n                            <div class=\"tg-module-info\">\n                                <div class=\"tg-post-categories\"><a href=\"https:\/\/alegriadelsaber.edu.co\/index.php\/category\/news\/\" class=\"tg-post-category\" rel=\"category tag\">Noticia<\/a>&nbsp;<a href=\"https:\/\/alegriadelsaber.edu.co\/index.php\/category\/noticias-destacadas\/\" class=\"tg-post-category\" rel=\"category tag\">Noticias destacadas<\/a>&nbsp;<a href=\"https:\/\/alegriadelsaber.edu.co\/index.php\/category\/tecnologia\/\" class=\"tg-post-category\" rel=\"category tag\">Tecnolog\u00eda<\/a>&nbsp;<\/div>\t\t<h3 class=\"tg-module-title entry-title\">\n\t\t\t<a href=\"https:\/\/alegriadelsaber.edu.co\/index.php\/2024\/11\/04\/celebremos-26-anos-de-innovacion-y-aprendizaje-en-el-colegio-alegria-del-saber\/\">\u00a1Celebremos 26 A\u00f1os de Innovaci\u00f3n y Aprendizaje en el Colegio Alegr\u00eda del Saber!<\/a>\n\t\t<\/h3>\n\t\t\n\t\t<div class=\"tg-module-meta\">\n\t\t\t\n\t\t\t<span class=\"tg-post-date entry-date\">\n\t\t\t\t<a href=\"https:\/\/alegriadelsaber.edu.co\/index.php\/2024\/11\/04\/celebremos-26-anos-de-innovacion-y-aprendizaje-en-el-colegio-alegria-del-saber\/\" rel=\"bookmark\"><time class=\"entry-date published\" datetime=\"2024-11-04T03:45:00-05:00\">04\/11\/2024<\/time><time class=\"updated\" datetime=\"2024-11-04T04:22:55-05:00\">04\/11\/2024<\/time><\/a>\t\t\t<\/span>\n\n\t\t\t<span class=\"tg-post-auther-name author vcard\">\n\t\t\t\t<a class=\"url fn n\" href=\"https:\/\/alegriadelsaber.edu.co\/index.php\/author\/anderson\/\">publicador<\/a>\t\t\t<\/span>\n\n\t\t\t\t\t<\/div>\n\n\t\t                            <\/div>\n                        <\/div>\n                    <\/div>\n\n                \n                    <div class=\"tg-col-control\">\n                        <div class=\"tg_module_grid tg_module_grid--medium\">\n                                                            <figure class=\"tg-module-thumb\">\n                                    \t\t<a href=\"https:\/\/alegriadelsaber.edu.co\/index.php\/2023\/11\/29\/ninos-quilichaguenos-ya-crean-robots\/\" class=\"tg-thumb-link\">\n\t\t\t<img loading=\"lazy\" width=\"392\" height=\"272\" src=\"https:\/\/alegriadelsaber.edu.co\/wp-content\/uploads\/2023\/11\/Captura-de-pantalla-2023-11-29-061043-1-392x272.png\" class=\"attachment-colormag-highlighted-post size-colormag-highlighted-post wp-post-image\" alt=\"\" loading=\"lazy\" srcset=\"https:\/\/alegriadelsaber.edu.co\/wp-content\/uploads\/2023\/11\/Captura-de-pantalla-2023-11-29-061043-1-392x272.png 392w, https:\/\/alegriadelsaber.edu.co\/wp-content\/uploads\/2023\/11\/Captura-de-pantalla-2023-11-29-061043-1-130x90.png 130w, https:\/\/alegriadelsaber.edu.co\/wp-content\/uploads\/2023\/11\/Captura-de-pantalla-2023-11-29-061043-1-600x417.png 600w\" sizes=\"(max-width: 392px) 100vw, 392px\" \/>\t\t<\/a>\n\t\t                                <\/figure>\n                            \n                            <div class=\"tg-module-info\">\n                                <div class=\"tg-post-categories\"><a href=\"https:\/\/alegriadelsaber.edu.co\/index.php\/category\/news\/\" class=\"tg-post-category\" rel=\"category tag\">Noticia<\/a>&nbsp;<a href=\"https:\/\/alegriadelsaber.edu.co\/index.php\/category\/noticias-destacadas\/\" class=\"tg-post-category\" rel=\"category tag\">Noticias destacadas<\/a>&nbsp;<\/div>\t\t<h3 class=\"tg-module-title entry-title\">\n\t\t\t<a href=\"https:\/\/alegriadelsaber.edu.co\/index.php\/2023\/11\/29\/ninos-quilichaguenos-ya-crean-robots\/\">Ni\u00f1os Quilichague\u00f1os ya crean robots<\/a>\n\t\t<\/h3>\n\t\t\n\t\t<div class=\"tg-module-meta\">\n\t\t\t\n\t\t\t<span class=\"tg-post-date entry-date\">\n\t\t\t\t<a href=\"https:\/\/alegriadelsaber.edu.co\/index.php\/2023\/11\/29\/ninos-quilichaguenos-ya-crean-robots\/\" rel=\"bookmark\"><time class=\"entry-date published\" datetime=\"2023-11-29T05:41:58-05:00\">29\/11\/2023<\/time><time class=\"updated\" datetime=\"2023-11-29T06:13:39-05:00\">29\/11\/2023<\/time><\/a>\t\t\t<\/span>\n\n\t\t\t<span class=\"tg-post-auther-name author vcard\">\n\t\t\t\t<a class=\"url fn n\" href=\"https:\/\/alegriadelsaber.edu.co\/index.php\/author\/anderson\/\">publicador<\/a>\t\t\t<\/span>\n\n\t\t\t\t\t<\/div>\n\n\t\t                            <\/div>\n                        <\/div>\n                    <\/div>\n\n                            <\/div>\n        <\/div>\n\n        \t\t<\/div>\n\t\t\t\t<\/div>\n\t\t\t\t\t<\/div>\n\t\t<\/div>\n\t\t\t\t\t<\/div>\n\t\t<\/section>\n\t\t\t\t<section class=\"elementor-section elementor-top-section elementor-element elementor-element-ecede4d elementor-section-boxed elementor-section-height-default elementor-section-height-default\" data-id=\"ecede4d\" data-element_type=\"section\">\n\t\t\t\t\t\t<div class=\"elementor-container elementor-column-gap-default\">\n\t\t\t\t\t<div class=\"elementor-column elementor-col-66 elementor-top-column elementor-element elementor-element-30fbca3\" data-id=\"30fbca3\" data-element_type=\"column\">\n\t\t\t<div class=\"elementor-widget-wrap elementor-element-populated\">\n\t\t\t\t\t\t<div class=\"elementor-element elementor-element-0b1b108 elementor-widget elementor-widget-ColorMag-Posts-Block-2\" data-id=\"0b1b108\" data-element_type=\"widget\" data-widget_type=\"ColorMag-Posts-Block-2.default\">\n\t\t\t\t<div class=\"elementor-widget-container\">\n\t\t\t\n        <div class=\"tg-module-block tg-module-wrapper tg-module-block--style-2\">\n            \n\t\t<div class=\"tg-module-title-wrap\">\n\t\t\t<h4 class=\"module-title\">\n\t\t\t\t<span>ANIMALS LIFE<\/span>\n\t\t\t<\/h4>\n\t\t<\/div><!-- tg-module-title-wrap -->\n\n\t\t\n            <div class=\"tg-row\">\n                            <\/div>\n        <\/div>\n\n        \t\t<\/div>\n\t\t\t\t<\/div>\n\t\t\t\t<div class=\"elementor-element elementor-element-aec1bd1 elementor-widget elementor-widget-ColorMag-Posts-Block-1\" data-id=\"aec1bd1\" data-element_type=\"widget\" data-widget_type=\"ColorMag-Posts-Block-1.default\">\n\t\t\t\t<div class=\"elementor-widget-container\">\n\t\t\t\n        <div class=\"tg-module-block tg-module-block--style-1 tg-module-wrapper\">\n            \n\t\t<div class=\"tg-module-title-wrap\">\n\t\t\t<h4 class=\"module-title\">\n\t\t\t\t<span>RECENT NEWS<\/span>\n\t\t\t<\/h4>\n\t\t<\/div><!-- tg-module-title-wrap -->\n\n\t\t\n            <div class=\"tg-row\">\n                            <\/div>\n        <\/div>\n\n        \t\t<\/div>\n\t\t\t\t<\/div>\n\t\t\t\t\t<\/div>\n\t\t<\/div>\n\t\t\t\t<div class=\"elementor-column elementor-col-33 elementor-top-column elementor-element elementor-element-875c6cb\" data-id=\"875c6cb\" data-element_type=\"column\">\n\t\t\t<div class=\"elementor-widget-wrap elementor-element-populated\">\n\t\t\t\t\t\t<div class=\"elementor-element elementor-element-3e2309f elementor-widget elementor-widget-ColorMag-Posts-Block-6\" data-id=\"3e2309f\" data-element_type=\"widget\" data-widget_type=\"ColorMag-Posts-Block-6.default\">\n\t\t\t\t<div class=\"elementor-widget-container\">\n\t\t\t\n        <div class=\"tg-module-block tg-module-block--style-6 tg-module-wrapper\">\n            \n\t\t<div class=\"tg-module-title-wrap\">\n\t\t\t<h4 class=\"module-title\">\n\t\t\t\t<span>NOTICIAS DESTACADAS<\/span>\n\t\t\t<\/h4>\n\t\t<\/div><!-- tg-module-title-wrap -->\n\n\t\t\n            <div class=\"tg-row\">\n                \n                    <div class=\"tg_module_block tg_module_block--list-small tg-col-control\">\n                                                    <figure class=\"tg-module-thumb\">\n                                \t\t<a href=\"https:\/\/alegriadelsaber.edu.co\/index.php\/2024\/11\/04\/celebremos-26-anos-de-innovacion-y-aprendizaje-en-el-colegio-alegria-del-saber\/\" class=\"tg-thumb-link\">\n\t\t\t<img loading=\"lazy\" width=\"130\" height=\"90\" src=\"https:\/\/alegriadelsaber.edu.co\/wp-content\/uploads\/2024\/11\/IMG_20241103_013001_948-130x90.webp\" class=\"attachment-colormag-featured-post-small size-colormag-featured-post-small wp-post-image\" alt=\"\" loading=\"lazy\" srcset=\"https:\/\/alegriadelsaber.edu.co\/wp-content\/uploads\/2024\/11\/IMG_20241103_013001_948-130x90.webp 130w, https:\/\/alegriadelsaber.edu.co\/wp-content\/uploads\/2024\/11\/IMG_20241103_013001_948-392x272.webp 392w, https:\/\/alegriadelsaber.edu.co\/wp-content\/uploads\/2024\/11\/IMG_20241103_013001_948-600x417.webp 600w\" sizes=\"(max-width: 130px) 100vw, 130px\" \/>\t\t<\/a>\n\t\t                            <\/figure>\n                        \n                        <div class=\"tg-module-info\">\n                            \t\t<h3 class=\"tg-module-title entry-title\">\n\t\t\t<a href=\"https:\/\/alegriadelsaber.edu.co\/index.php\/2024\/11\/04\/celebremos-26-anos-de-innovacion-y-aprendizaje-en-el-colegio-alegria-del-saber\/\">\u00a1Celebremos 26 A\u00f1os de Innovaci\u00f3n y Aprendizaje en el Colegio Alegr\u00eda del Saber!<\/a>\n\t\t<\/h3>\n\t\t\n\t\t<div class=\"tg-module-meta\">\n\t\t\t\n\t\t\t<span class=\"tg-post-date entry-date\">\n\t\t\t\t<a href=\"https:\/\/alegriadelsaber.edu.co\/index.php\/2024\/11\/04\/celebremos-26-anos-de-innovacion-y-aprendizaje-en-el-colegio-alegria-del-saber\/\" rel=\"bookmark\"><time class=\"entry-date published\" datetime=\"2024-11-04T03:45:00-05:00\">04\/11\/2024<\/time><time class=\"updated\" datetime=\"2024-11-04T04:22:55-05:00\">04\/11\/2024<\/time><\/a>\t\t\t<\/span>\n\n\t\t\t<span class=\"tg-post-auther-name author vcard\">\n\t\t\t\t<a class=\"url fn n\" href=\"https:\/\/alegriadelsaber.edu.co\/index.php\/author\/anderson\/\">publicador<\/a>\t\t\t<\/span>\n\n\t\t\t\t\t<\/div>\n\n\t\t                        <\/div>\n                    <\/div>\n                \n                    <div class=\"tg_module_block tg_module_block--list-small tg-col-control\">\n                                                    <figure class=\"tg-module-thumb\">\n                                \t\t<a href=\"https:\/\/alegriadelsaber.edu.co\/index.php\/2023\/11\/29\/ninos-quilichaguenos-ya-crean-robots\/\" class=\"tg-thumb-link\">\n\t\t\t<img loading=\"lazy\" width=\"130\" height=\"90\" src=\"https:\/\/alegriadelsaber.edu.co\/wp-content\/uploads\/2023\/11\/Captura-de-pantalla-2023-11-29-061043-1-130x90.png\" class=\"attachment-colormag-featured-post-small size-colormag-featured-post-small wp-post-image\" alt=\"\" loading=\"lazy\" srcset=\"https:\/\/alegriadelsaber.edu.co\/wp-content\/uploads\/2023\/11\/Captura-de-pantalla-2023-11-29-061043-1-130x90.png 130w, https:\/\/alegriadelsaber.edu.co\/wp-content\/uploads\/2023\/11\/Captura-de-pantalla-2023-11-29-061043-1-392x272.png 392w, https:\/\/alegriadelsaber.edu.co\/wp-content\/uploads\/2023\/11\/Captura-de-pantalla-2023-11-29-061043-1-600x417.png 600w\" sizes=\"(max-width: 130px) 100vw, 130px\" \/>\t\t<\/a>\n\t\t                            <\/figure>\n                        \n                        <div class=\"tg-module-info\">\n                            \t\t<h3 class=\"tg-module-title entry-title\">\n\t\t\t<a href=\"https:\/\/alegriadelsaber.edu.co\/index.php\/2023\/11\/29\/ninos-quilichaguenos-ya-crean-robots\/\">Ni\u00f1os Quilichague\u00f1os ya crean robots<\/a>\n\t\t<\/h3>\n\t\t\n\t\t<div class=\"tg-module-meta\">\n\t\t\t\n\t\t\t<span class=\"tg-post-date entry-date\">\n\t\t\t\t<a href=\"https:\/\/alegriadelsaber.edu.co\/index.php\/2023\/11\/29\/ninos-quilichaguenos-ya-crean-robots\/\" rel=\"bookmark\"><time class=\"entry-date published\" datetime=\"2023-11-29T05:41:58-05:00\">29\/11\/2023<\/time><time class=\"updated\" datetime=\"2023-11-29T06:13:39-05:00\">29\/11\/2023<\/time><\/a>\t\t\t<\/span>\n\n\t\t\t<span class=\"tg-post-auther-name author vcard\">\n\t\t\t\t<a class=\"url fn n\" href=\"https:\/\/alegriadelsaber.edu.co\/index.php\/author\/anderson\/\">publicador<\/a>\t\t\t<\/span>\n\n\t\t\t\t\t<\/div>\n\n\t\t                        <\/div>\n                    <\/div>\n                            <\/div>\n        <\/div>\n\n        \t\t<\/div>\n\t\t\t\t<\/div>\n\t\t\t\t<div class=\"elementor-element elementor-element-3235caf elementor-widget elementor-widget-ColorMag-Posts-Block-2\" data-id=\"3235caf\" data-element_type=\"widget\" data-widget_type=\"ColorMag-Posts-Block-2.default\">\n\t\t\t\t<div class=\"elementor-widget-container\">\n\t\t\t\n        <div class=\"tg-module-block tg-module-wrapper tg-module-block--style-2\">\n            \n\t\t<div class=\"tg-module-title-wrap\">\n\t\t\t<h4 class=\"module-title\">\n\t\t\t\t<span>EXPERIENCES<\/span>\n\t\t\t<\/h4>\n\t\t<\/div><!-- tg-module-title-wrap -->\n\n\t\t\n            <div class=\"tg-row\">\n                            <\/div>\n        <\/div>\n\n        \t\t<\/div>\n\t\t\t\t<\/div>\n\t\t\t\t\t<\/div>\n\t\t<\/div>\n\t\t\t\t\t<\/div>\n\t\t<\/section>\n\t\t\t\t<section class=\"elementor-section elementor-top-section elementor-element elementor-element-1582b10 elementor-section-stretched elementor-section-boxed elementor-section-height-default elementor-section-height-default\" data-id=\"1582b10\" data-element_type=\"section\" data-settings=\"{&quot;background_background&quot;:&quot;classic&quot;,&quot;stretch_section&quot;:&quot;section-stretched&quot;}\">\n\t\t\t\t\t\t<div class=\"elementor-container elementor-column-gap-default\">\n\t\t\t\t\t<div class=\"elementor-column elementor-col-100 elementor-top-column elementor-element elementor-element-40ec406\" data-id=\"40ec406\" data-element_type=\"column\">\n\t\t\t<div class=\"elementor-widget-wrap elementor-element-populated\">\n\t\t\t\t\t\t<div class=\"elementor-element elementor-element-809251a elementor-widget elementor-widget-ColorMag-Posts-Grid-3\" data-id=\"809251a\" data-element_type=\"widget\" data-widget_type=\"ColorMag-Posts-Grid-3.default\">\n\t\t\t\t<div class=\"elementor-widget-container\">\n\t\t\t\n        <div class=\"tg-module-grid tg-module-grid--style-3 tg-module-wrapper\">\n            \n            <div class=\"tg-row thinner\">\n                            <\/div>\n        <\/div>\n\n        \t\t<\/div>\n\t\t\t\t<\/div>\n\t\t\t\t\t<\/div>\n\t\t<\/div>\n\t\t\t\t\t<\/div>\n\t\t<\/section>\n\t\t\t\t<section class=\"elementor-section elementor-top-section elementor-element elementor-element-a09b9a2 elementor-section-boxed elementor-section-height-default elementor-section-height-default\" data-id=\"a09b9a2\" data-element_type=\"section\">\n\t\t\t\t\t\t<div class=\"elementor-container elementor-column-gap-default\">\n\t\t\t\t\t<div class=\"elementor-column elementor-col-66 elementor-top-column elementor-element elementor-element-258ab1e\" data-id=\"258ab1e\" data-element_type=\"column\">\n\t\t\t<div class=\"elementor-widget-wrap elementor-element-populated\">\n\t\t\t\t\t\t<div class=\"elementor-element elementor-element-daa460d elementor-widget elementor-widget-ColorMag-Posts-Block-2\" data-id=\"daa460d\" data-element_type=\"widget\" data-widget_type=\"ColorMag-Posts-Block-2.default\">\n\t\t\t\t<div class=\"elementor-widget-container\">\n\t\t\t\n        <div class=\"tg-module-block tg-module-wrapper tg-module-block--style-2\">\n            \n\t\t<div class=\"tg-module-title-wrap\">\n\t\t\t<h4 class=\"module-title\">\n\t\t\t\t<span>HEALTH NEWS<\/span>\n\t\t\t<\/h4>\n\t\t<\/div><!-- tg-module-title-wrap -->\n\n\t\t\n            <div class=\"tg-row\">\n                            <\/div>\n        <\/div>\n\n        \t\t<\/div>\n\t\t\t\t<\/div>\n\t\t\t\t\t<\/div>\n\t\t<\/div>\n\t\t\t\t<div class=\"elementor-column elementor-col-33 elementor-top-column elementor-element elementor-element-a4f9624\" data-id=\"a4f9624\" data-element_type=\"column\">\n\t\t\t<div class=\"elementor-widget-wrap elementor-element-populated\">\n\t\t\t\t\t\t<div class=\"elementor-element elementor-element-a2356a9 elementor-widget elementor-widget-ColorMag-Posts-Block-6\" data-id=\"a2356a9\" data-element_type=\"widget\" data-widget_type=\"ColorMag-Posts-Block-6.default\">\n\t\t\t\t<div class=\"elementor-widget-container\">\n\t\t\t\n        <div class=\"tg-module-block tg-module-block--style-6 tg-module-wrapper\">\n            \n\t\t<div class=\"tg-module-title-wrap\">\n\t\t\t<h4 class=\"module-title\">\n\t\t\t\t<span>LATEST POST<\/span>\n\t\t\t<\/h4>\n\t\t<\/div><!-- tg-module-title-wrap -->\n\n\t\t\n            <div class=\"tg-row\">\n                \n                    <div class=\"tg_module_block tg_module_block--list-small tg-col-control\">\n                                                    <figure class=\"tg-module-thumb\">\n                                \t\t<a href=\"https:\/\/alegriadelsaber.edu.co\/index.php\/2024\/11\/04\/celebremos-26-anos-de-innovacion-y-aprendizaje-en-el-colegio-alegria-del-saber\/\" class=\"tg-thumb-link\">\n\t\t\t<img loading=\"lazy\" width=\"130\" height=\"90\" src=\"https:\/\/alegriadelsaber.edu.co\/wp-content\/uploads\/2024\/11\/IMG_20241103_013001_948-130x90.webp\" class=\"attachment-colormag-featured-post-small size-colormag-featured-post-small wp-post-image\" alt=\"\" loading=\"lazy\" srcset=\"https:\/\/alegriadelsaber.edu.co\/wp-content\/uploads\/2024\/11\/IMG_20241103_013001_948-130x90.webp 130w, https:\/\/alegriadelsaber.edu.co\/wp-content\/uploads\/2024\/11\/IMG_20241103_013001_948-392x272.webp 392w, https:\/\/alegriadelsaber.edu.co\/wp-content\/uploads\/2024\/11\/IMG_20241103_013001_948-600x417.webp 600w\" sizes=\"(max-width: 130px) 100vw, 130px\" \/>\t\t<\/a>\n\t\t                            <\/figure>\n                        \n                        <div class=\"tg-module-info\">\n                            \t\t<h3 class=\"tg-module-title entry-title\">\n\t\t\t<a href=\"https:\/\/alegriadelsaber.edu.co\/index.php\/2024\/11\/04\/celebremos-26-anos-de-innovacion-y-aprendizaje-en-el-colegio-alegria-del-saber\/\">\u00a1Celebremos 26 A\u00f1os de Innovaci\u00f3n y Aprendizaje en el Colegio Alegr\u00eda del Saber!<\/a>\n\t\t<\/h3>\n\t\t\n\t\t<div class=\"tg-module-meta\">\n\t\t\t\n\t\t\t<span class=\"tg-post-date entry-date\">\n\t\t\t\t<a href=\"https:\/\/alegriadelsaber.edu.co\/index.php\/2024\/11\/04\/celebremos-26-anos-de-innovacion-y-aprendizaje-en-el-colegio-alegria-del-saber\/\" rel=\"bookmark\"><time class=\"entry-date published\" datetime=\"2024-11-04T03:45:00-05:00\">04\/11\/2024<\/time><time class=\"updated\" datetime=\"2024-11-04T04:22:55-05:00\">04\/11\/2024<\/time><\/a>\t\t\t<\/span>\n\n\t\t\t<span class=\"tg-post-auther-name author vcard\">\n\t\t\t\t<a class=\"url fn n\" href=\"https:\/\/alegriadelsaber.edu.co\/index.php\/author\/anderson\/\">publicador<\/a>\t\t\t<\/span>\n\n\t\t\t\t\t<\/div>\n\n\t\t                        <\/div>\n                    <\/div>\n                \n                    <div class=\"tg_module_block tg_module_block--list-small tg-col-control\">\n                                                    <figure class=\"tg-module-thumb\">\n                                \t\t<a href=\"https:\/\/alegriadelsaber.edu.co\/index.php\/2023\/11\/29\/ninos-quilichaguenos-ya-crean-robots\/\" class=\"tg-thumb-link\">\n\t\t\t<img loading=\"lazy\" width=\"130\" height=\"90\" src=\"https:\/\/alegriadelsaber.edu.co\/wp-content\/uploads\/2023\/11\/Captura-de-pantalla-2023-11-29-061043-1-130x90.png\" class=\"attachment-colormag-featured-post-small size-colormag-featured-post-small wp-post-image\" alt=\"\" loading=\"lazy\" srcset=\"https:\/\/alegriadelsaber.edu.co\/wp-content\/uploads\/2023\/11\/Captura-de-pantalla-2023-11-29-061043-1-130x90.png 130w, https:\/\/alegriadelsaber.edu.co\/wp-content\/uploads\/2023\/11\/Captura-de-pantalla-2023-11-29-061043-1-392x272.png 392w, https:\/\/alegriadelsaber.edu.co\/wp-content\/uploads\/2023\/11\/Captura-de-pantalla-2023-11-29-061043-1-600x417.png 600w\" sizes=\"(max-width: 130px) 100vw, 130px\" \/>\t\t<\/a>\n\t\t                            <\/figure>\n                        \n                        <div class=\"tg-module-info\">\n                            \t\t<h3 class=\"tg-module-title entry-title\">\n\t\t\t<a href=\"https:\/\/alegriadelsaber.edu.co\/index.php\/2023\/11\/29\/ninos-quilichaguenos-ya-crean-robots\/\">Ni\u00f1os Quilichague\u00f1os ya crean robots<\/a>\n\t\t<\/h3>\n\t\t\n\t\t<div class=\"tg-module-meta\">\n\t\t\t\n\t\t\t<span class=\"tg-post-date entry-date\">\n\t\t\t\t<a href=\"https:\/\/alegriadelsaber.edu.co\/index.php\/2023\/11\/29\/ninos-quilichaguenos-ya-crean-robots\/\" rel=\"bookmark\"><time class=\"entry-date published\" datetime=\"2023-11-29T05:41:58-05:00\">29\/11\/2023<\/time><time class=\"updated\" datetime=\"2023-11-29T06:13:39-05:00\">29\/11\/2023<\/time><\/a>\t\t\t<\/span>\n\n\t\t\t<span class=\"tg-post-auther-name author vcard\">\n\t\t\t\t<a class=\"url fn n\" href=\"https:\/\/alegriadelsaber.edu.co\/index.php\/author\/anderson\/\">publicador<\/a>\t\t\t<\/span>\n\n\t\t\t\t\t<\/div>\n\n\t\t                        <\/div>\n                    <\/div>\n                \n                    <div class=\"tg_module_block tg_module_block--list-small tg-col-control\">\n                        \n                        <div class=\"tg-module-info\">\n                            \t\t<h3 class=\"tg-module-title entry-title\">\n\t\t\t<a href=\"https:\/\/alegriadelsaber.edu.co\/index.php\/2022\/11\/17\/himno\/\">Himno Colegio Alegria del Saber<\/a>\n\t\t<\/h3>\n\t\t\n\t\t<div class=\"tg-module-meta\">\n\t\t\t\n\t\t\t<span class=\"tg-post-date entry-date\">\n\t\t\t\t<a href=\"https:\/\/alegriadelsaber.edu.co\/index.php\/2022\/11\/17\/himno\/\" rel=\"bookmark\"><time class=\"entry-date published\" datetime=\"2022-11-17T00:58:44-05:00\">17\/11\/2022<\/time><time class=\"updated\" datetime=\"2024-02-28T22:42:52-05:00\">28\/02\/2024<\/time><\/a>\t\t\t<\/span>\n\n\t\t\t<span class=\"tg-post-auther-name author vcard\">\n\t\t\t\t<a class=\"url fn n\" href=\"https:\/\/alegriadelsaber.edu.co\/index.php\/author\/anderson\/\">publicador<\/a>\t\t\t<\/span>\n\n\t\t\t\t\t<\/div>\n\n\t\t                        <\/div>\n                    <\/div>\n                            <\/div>\n        <\/div>\n\n        \t\t<\/div>\n\t\t\t\t<\/div>\n\t\t\t\t<div class=\"elementor-element elementor-element-27730e3 elementor-widget elementor-widget-ColorMag-Posts-Block-9\" data-id=\"27730e3\" data-element_type=\"widget\" data-widget_type=\"ColorMag-Posts-Block-9.default\">\n\t\t\t\t<div class=\"elementor-widget-container\">\n\t\t\t\n        <div class=\"tg-module-block tg-module-block--style-9 no-module-thub tg-module-wrapper\">\n            \n\t\t<div class=\"tg-module-title-wrap\">\n\t\t\t<h4 class=\"module-title\">\n\t\t\t\t<span>WORLD NEWS<\/span>\n\t\t\t<\/h4>\n\t\t<\/div><!-- tg-module-title-wrap -->\n\n\t\t\n            <div class=\"tg-row\">\n                            <\/div>\n        <\/div>\n\n        \t\t<\/div>\n\t\t\t\t<\/div>\n\t\t\t\t\t<\/div>\n\t\t<\/div>\n\t\t\t\t\t<\/div>\n\t\t<\/section>\n\t\t\t\t<\/div>\n\t\t","protected":false},"excerpt":{"rendered":"<p>Environment&nbsp;Life&nbsp; 5 Best Insider Tricks to Help Wild-Animal Environment&nbsp;Food&nbsp; Translucent frogs seen for first time in 18 years Environment&nbsp;Food&nbsp; The<\/p>\n","protected":false},"author":1,"featured_media":0,"parent":0,"menu_order":0,"comment_status":"closed","ping_status":"closed","template":"page-templates\/page-builder.php","meta":[],"_links":{"self":[{"href":"https:\/\/alegriadelsaber.edu.co\/index.php\/wp-json\/wp\/v2\/pages\/853"}],"collection":[{"href":"https:\/\/alegriadelsaber.edu.co\/index.php\/wp-json\/wp\/v2\/pages"}],"about":[{"href":"https:\/\/alegriadelsaber.edu.co\/index.php\/wp-json\/wp\/v2\/types\/page"}],"author":[{"embeddable":true,"href":"https:\/\/alegriadelsaber.edu.co\/index.php\/wp-json\/wp\/v2\/users\/1"}],"replies":[{"embeddable":true,"href":"https:\/\/alegriadelsaber.edu.co\/index.php\/wp-json\/wp\/v2\/comments?post=853"}],"version-history":[{"count":11,"href":"https:\/\/alegriadelsaber.edu.co\/index.php\/wp-json\/wp\/v2\/pages\/853\/revisions"}],"predecessor-version":[{"id":1277,"href":"https:\/\/alegriadelsaber.edu.co\/index.php\/wp-json\/wp\/v2\/pages\/853\/revisions\/1277"}],"wp:attachment":[{"href":"https:\/\/alegriadelsaber.edu.co\/index.php\/wp-json\/wp\/v2\/media?parent=853"}],"curies":[{"name":"wp","href":"https:\/\/api.w.org\/{rel}","templated":true}]}}