{"id":915,"date":"2019-12-17T10:33:54","date_gmt":"2019-12-17T10:33:54","guid":{"rendered":"http:\/\/philosopical-falcon.w5.wpsandbox.pro\/?page_id=11"},"modified":"2024-02-29T00:02:21","modified_gmt":"2024-02-29T05:02:21","slug":"enlaces-de-interes","status":"publish","type":"page","link":"https:\/\/alegriadelsaber.edu.co\/index.php\/enlaces-de-interes\/","title":{"rendered":"Enlaces de interes"},"content":{"rendered":"\t\t<div data-elementor-type=\"wp-page\" data-elementor-id=\"915\" class=\"elementor elementor-915\">\n\t\t\t\t\t\t<section class=\"elementor-section elementor-top-section elementor-element elementor-element-73eacc5d elementor-section-boxed elementor-section-height-default elementor-section-height-default\" data-id=\"73eacc5d\" data-element_type=\"section\">\n\t\t\t\t\t\t<div class=\"elementor-container elementor-column-gap-default\">\n\t\t\t\t\t<div class=\"elementor-column elementor-col-100 elementor-top-column elementor-element elementor-element-148ba55\" data-id=\"148ba55\" data-element_type=\"column\">\n\t\t\t<div class=\"elementor-widget-wrap elementor-element-populated\">\n\t\t\t\t\t\t<div class=\"elementor-element elementor-element-725526d9 elementor-widget elementor-widget-text-editor\" data-id=\"725526d9\" data-element_type=\"widget\" data-widget_type=\"text-editor.default\">\n\t\t\t\t<div class=\"elementor-widget-container\">\n\t\t\t\t\t\t\t\n\t\t\t\t\t\t\t\t\t\t\t\t<\/div>\n\t\t\t\t<\/div>\n\t\t\t\t\t<\/div>\n\t\t<\/div>\n\t\t\t\t\t<\/div>\n\t\t<\/section>\n\t\t\t\t<section class=\"elementor-section elementor-top-section elementor-element elementor-element-bce73f8 elementor-section-boxed elementor-section-height-default elementor-section-height-default\" data-id=\"bce73f8\" data-element_type=\"section\">\n\t\t\t\t\t\t<div class=\"elementor-container elementor-column-gap-default\">\n\t\t\t\t\t<div data-eael-wrapper-link=\"{&quot;url&quot;:&quot;https:\\\/\\\/alegriadelsaber.edu.co\\\/index.php\\\/layout\\\/tutorial-aula-virtual\\\/&quot;,&quot;is_external&quot;:&quot;&quot;,&quot;nofollow&quot;:&quot;&quot;}\" class=\"elementor-column elementor-col-33 elementor-top-column elementor-element elementor-element-a3c3daa\" data-id=\"a3c3daa\" data-element_type=\"column\">\n\t\t\t<div class=\"elementor-widget-wrap elementor-element-populated\">\n\t\t\t\t\t\t<div class=\"elementor-element elementor-element-87c73d0 elementor-widget elementor-widget-image\" data-id=\"87c73d0\" data-element_type=\"widget\" data-widget_type=\"image.default\">\n\t\t\t\t<div class=\"elementor-widget-container\">\n\t\t\t\t\t\t\t\t\t\t\t\t\t<img fetchpriority=\"high\" width=\"800\" height=\"450\" src=\"https:\/\/alegriadelsaber.edu.co\/wp-content\/uploads\/2024\/02\/COMO_CREAR_PREGUNTAS_SELECCION_MULTIPLE_First_Frame-1024x576.png\" class=\"attachment-large size-large wp-image-1281\" alt=\"\" srcset=\"https:\/\/alegriadelsaber.edu.co\/wp-content\/uploads\/2024\/02\/COMO_CREAR_PREGUNTAS_SELECCION_MULTIPLE_First_Frame-1024x576.png 1024w, https:\/\/alegriadelsaber.edu.co\/wp-content\/uploads\/2024\/02\/COMO_CREAR_PREGUNTAS_SELECCION_MULTIPLE_First_Frame-300x169.png 300w, https:\/\/alegriadelsaber.edu.co\/wp-content\/uploads\/2024\/02\/COMO_CREAR_PREGUNTAS_SELECCION_MULTIPLE_First_Frame-150x84.png 150w, https:\/\/alegriadelsaber.edu.co\/wp-content\/uploads\/2024\/02\/COMO_CREAR_PREGUNTAS_SELECCION_MULTIPLE_First_Frame-768x432.png 768w, https:\/\/alegriadelsaber.edu.co\/wp-content\/uploads\/2024\/02\/COMO_CREAR_PREGUNTAS_SELECCION_MULTIPLE_First_Frame-1536x864.png 1536w, https:\/\/alegriadelsaber.edu.co\/wp-content\/uploads\/2024\/02\/COMO_CREAR_PREGUNTAS_SELECCION_MULTIPLE_First_Frame.png 1920w\" sizes=\"(max-width: 800px) 100vw, 800px\" \/>\t\t\t\t\t\t\t\t\t\t\t\t\t<\/div>\n\t\t\t\t<\/div>\n\t\t\t\t<div class=\"elementor-element elementor-element-cc83f54 elementor-widget elementor-widget-heading\" data-id=\"cc83f54\" data-element_type=\"widget\" data-widget_type=\"heading.default\">\n\t\t\t\t<div class=\"elementor-widget-container\">\n\t\t\t<h3 class=\"elementor-heading-title elementor-size-default\">Aula Virtual<\/h3>\t\t<\/div>\n\t\t\t\t<\/div>\n\t\t\t\t<div class=\"elementor-element elementor-element-e4a3e8f elementor-widget elementor-widget-text-editor\" data-id=\"e4a3e8f\" data-element_type=\"widget\" data-widget_type=\"text-editor.default\">\n\t\t\t\t<div class=\"elementor-widget-container\">\n\t\t\t\t\t\t\t<p><span style=\"color: #0d0d0d; font-family: S\u00f6hne, ui-sans-serif, system-ui, -apple-system, 'Segoe UI', Roboto, Ubuntu, Cantarell, 'Noto Sans', sans-serif, 'Helvetica Neue', Arial, 'Apple Color Emoji', 'Segoe UI Emoji', 'Segoe UI Symbol', 'Noto Color Emoji'; font-size: 16px; font-style: normal; font-variant-ligatures: normal; font-variant-caps: normal; font-weight: 400; white-space-collapse: preserve;\">Aqu\u00ed encontrar\u00e1s recursos y tutoriales para dominar cada aspecto de la plataforma y optimizar tu experiencia de aprendizaje en l\u00ednea.<\/span><\/p>\t\t\t\t\t\t<\/div>\n\t\t\t\t<\/div>\n\t\t\t\t\t<\/div>\n\t\t<\/div>\n\t\t\t\t<div class=\"elementor-column elementor-col-33 elementor-top-column elementor-element elementor-element-2028765\" data-id=\"2028765\" data-element_type=\"column\">\n\t\t\t<div class=\"elementor-widget-wrap\">\n\t\t\t\t\t\t\t<\/div>\n\t\t<\/div>\n\t\t\t\t<div class=\"elementor-column elementor-col-33 elementor-top-column elementor-element elementor-element-0c888ec\" data-id=\"0c888ec\" data-element_type=\"column\">\n\t\t\t<div class=\"elementor-widget-wrap\">\n\t\t\t\t\t\t\t<\/div>\n\t\t<\/div>\n\t\t\t\t\t<\/div>\n\t\t<\/section>\n\t\t\t\t<\/div>\n\t\t","protected":false},"excerpt":{"rendered":"<p>Aula Virtual Aqu\u00ed encontrar\u00e1s recursos y tutoriales para dominar cada aspecto de la plataforma y optimizar tu experiencia de aprendizaje<\/p>\n","protected":false},"author":1,"featured_media":0,"parent":0,"menu_order":0,"comment_status":"closed","ping_status":"closed","template":"","meta":[],"_links":{"self":[{"href":"https:\/\/alegriadelsaber.edu.co\/index.php\/wp-json\/wp\/v2\/pages\/915"}],"collection":[{"href":"https:\/\/alegriadelsaber.edu.co\/index.php\/wp-json\/wp\/v2\/pages"}],"about":[{"href":"https:\/\/alegriadelsaber.edu.co\/index.php\/wp-json\/wp\/v2\/types\/page"}],"author":[{"embeddable":true,"href":"https:\/\/alegriadelsaber.edu.co\/index.php\/wp-json\/wp\/v2\/users\/1"}],"replies":[{"embeddable":true,"href":"https:\/\/alegriadelsaber.edu.co\/index.php\/wp-json\/wp\/v2\/comments?post=915"}],"version-history":[{"count":12,"href":"https:\/\/alegriadelsaber.edu.co\/index.php\/wp-json\/wp\/v2\/pages\/915\/revisions"}],"predecessor-version":[{"id":1302,"href":"https:\/\/alegriadelsaber.edu.co\/index.php\/wp-json\/wp\/v2\/pages\/915\/revisions\/1302"}],"wp:attachment":[{"href":"https:\/\/alegriadelsaber.edu.co\/index.php\/wp-json\/wp\/v2\/media?parent=915"}],"curies":[{"name":"wp","href":"https:\/\/api.w.org\/{rel}","templated":true}]}}